{"id":16,"date":"2019-10-08T17:39:10","date_gmt":"2019-10-08T17:39:10","guid":{"rendered":"https:\/\/keylearning.ch\/?page_id=16"},"modified":"2019-10-08T17:48:31","modified_gmt":"2019-10-08T17:48:31","slug":"16-2","status":"publish","type":"page","link":"https:\/\/keylearning.ch\/?page_id=16","title":{"rendered":"\u00dcber uns"},"content":{"rendered":"\n<figure class=\"wp-block-image\"><img loading=\"lazy\" decoding=\"async\" width=\"680\" height=\"1024\" src=\"https:\/\/keylearning.ch\/wp-content\/uploads\/2019\/10\/TS7_0050-680x1024.jpg\" alt=\"\" class=\"wp-image-17\" srcset=\"https:\/\/keylearning.ch\/wp-content\/uploads\/2019\/10\/TS7_0050-680x1024.jpg 680w, https:\/\/keylearning.ch\/wp-content\/uploads\/2019\/10\/TS7_0050-199x300.jpg 199w, https:\/\/keylearning.ch\/wp-content\/uploads\/2019\/10\/TS7_0050-768x1157.jpg 768w\" sizes=\"auto, (max-width: 680px) 100vw, 680px\" \/><\/figure>\n\n\n\n<h2 class=\"wp-block-heading\">Timo Schl\u00fcssel, Inhaber<\/h2>\n\n\n\n<p>Born in Lucerne. Timo Schl\u00fcssel studied at the Jazz School of his hometown with Urs\nLeimgruber and at the \u00c9cole International Du Th\u00e9\u00e2tre Jacques Lecoq in Paris. He\nstarted his career as an actor at Circus Monti and at the Opera of Zurich. He\nthen worked as an independent actor and musician in Germany, France and\nSwitzerland. From 2003-2008 he was an assistant-director and an actor at the\nensemble of the Opera of Zurich. There he created video installations for <em>Ariane\net Barbe-Bleue<\/em>, <em>La clemenza di Tito<\/em>, <em>Der Herr Nordwind<\/em>, <em>La\nfinta giardiniera<\/em>, <em>Die Zauberfl\u00f6te<\/em>, <em>Clari<\/em>, <em>Gesualdo<\/em>, <em>Tannh\u00e4user<\/em>,\n<em>Luisa Miller<\/em> and others. Since 2006 he created and played several family\nplays for orchestra and actors in Switzerland and Monaco. In 2008 he founded\nhis own company for Video, Film and Animation. Over the last 11 years the Timo\nSchl\u00fcssel GmbH has successfully produced films of varying genres and started recently\nin the field of E-Learning-Productions.<\/p>\n","protected":false},"excerpt":{"rendered":"<p>Timo Schl\u00fcssel, Inhaber Born in Lucerne. Timo Schl\u00fcssel studied at the Jazz School of his hometown with Urs Leimgruber and at the \u00c9cole International Du Th\u00e9\u00e2tre Jacques Lecoq in Paris. He started his career as an actor at Circus Monti and at the Opera of Zurich. He then worked as an independent actor and musician &hellip; <\/p>\n<p class=\"link-more\"><a href=\"https:\/\/keylearning.ch\/?page_id=16\" class=\"more-link\"><span class=\"screen-reader-text\">\u201e\u00dcber uns\u201c <\/span>weiterlesen<\/a><\/p>\n","protected":false},"author":1,"featured_media":0,"parent":0,"menu_order":0,"comment_status":"closed","ping_status":"closed","template":"","meta":{"footnotes":""},"class_list":["post-16","page","type-page","status-publish","hentry"],"_links":{"self":[{"href":"https:\/\/keylearning.ch\/index.php?rest_route=\/wp\/v2\/pages\/16","targetHints":{"allow":["GET"]}}],"collection":[{"href":"https:\/\/keylearning.ch\/index.php?rest_route=\/wp\/v2\/pages"}],"about":[{"href":"https:\/\/keylearning.ch\/index.php?rest_route=\/wp\/v2\/types\/page"}],"author":[{"embeddable":true,"href":"https:\/\/keylearning.ch\/index.php?rest_route=\/wp\/v2\/users\/1"}],"replies":[{"embeddable":true,"href":"https:\/\/keylearning.ch\/index.php?rest_route=%2Fwp%2Fv2%2Fcomments&post=16"}],"version-history":[{"count":4,"href":"https:\/\/keylearning.ch\/index.php?rest_route=\/wp\/v2\/pages\/16\/revisions"}],"predecessor-version":[{"id":32,"href":"https:\/\/keylearning.ch\/index.php?rest_route=\/wp\/v2\/pages\/16\/revisions\/32"}],"wp:attachment":[{"href":"https:\/\/keylearning.ch\/index.php?rest_route=%2Fwp%2Fv2%2Fmedia&parent=16"}],"curies":[{"name":"wp","href":"https:\/\/api.w.org\/{rel}","templated":true}]}}